{"id":163,"date":"2020-11-08T22:14:19","date_gmt":"2020-11-08T22:14:19","guid":{"rendered":"https:\/\/www.katkevich.lv\/?page_id=163"},"modified":"2025-06-05T11:28:02","modified_gmt":"2025-06-05T11:28:02","slug":"sakums","status":"publish","type":"page","link":"https:\/\/www.katkevich.lv\/en\/","title":{"rendered":"S\u0101kums"},"content":{"rendered":"<div class=\"slider-wrapper relative\" id=\"slider-1782352622\" >\n    <div class=\"slider slider-nav-circle slider-nav-large slider-nav-light slider-style-normal\"\n        data-flickity-options='{            \"cellAlign\": \"center\",            \"imagesLoaded\": true,            \"lazyLoad\": 1,            \"freeScroll\": false,            \"wrapAround\": true,            \"autoPlay\": 6000,            \"pauseAutoPlayOnHover\" : true,            \"prevNextButtons\": true,            \"contain\" : true,            \"adaptiveHeight\" : true,            \"dragThreshold\" : 10,            \"percentPosition\": true,            \"pageDots\": false,            \"rightToLeft\": false,            \"draggable\": true,            \"selectedAttraction\": 0.1,            \"parallax\" : 0,            \"friction\": 0.6        }'\n        >\n        \n\n\n  <div class=\"banner has-hover is-full-height has-slide-effect slide-fade-in has-parallax\" id=\"banner-148823556\">\n          <div class=\"banner-inner fill\">\n        <div class=\"banner-bg fill\" data-parallax=\"-3\" data-parallax-container=\".banner\" data-parallax-background>\n            <div class=\"bg fill bg-fill\"><\/div>\n                        <div class=\"overlay\"><\/div>            \n                    <\/div>\n        <div class=\"banner-layers container\">\n            <div class=\"fill banner-link\"><\/div>            \n\n   <div id=\"text-box-767257591\" class=\"text-box banner-layer x50 md-x50 lg-x50 y50 md-y50 lg-y50 res-text\">\n              <div data-parallax=\"-1\" data-parallax-fade=\"true\">       <div data-animate=\"bounceIn\">           <div class=\"text dark\">\n              \n              <div class=\"text-inner text-center\">\n                  \n\n<p>\u00a0<\/p>\n<h3 class=\"uppercase\">BROKASTIS UN SK\u0100BMAIZE VISAS DIENAS GARUM\u0100!<\/h3>\n<p class=\"lead\">Cepam sk\u0101bmaizi, ra\u017eojam pasaul\u0113 gard\u0101ko sviestu, pesto un citus gardumus. Ar prieku un izdomu gatavojam pas\u016bt\u012bjumus uz\u0146\u0113mumiem.<\/p>\n<h3 class=\"lead uppercase\">\u00a0<\/h3>\n<h3>Galdi\u0146u rezerv\u0101cij\u0101m l\u016bdzam zvan\u012bt:<\/h3>\n<h1><span data-text-bg=\"primary\"><a href=\"tel:+37127734777\">\u00a0+371 27734777\u00a0<\/a><\/span><\/h1>\n\n              <\/div>\n           <\/div>\n       <\/div>       <\/div>              \n<style>\n#text-box-767257591 {\n  width: 80%;\n}\n#text-box-767257591 .text {\n  font-size: 100%;\n}\n@media (min-width:550px) {\n  #text-box-767257591 {\n    width: 59%;\n  }\n}\n<\/style>\n    <\/div>\n \n\n        <\/div>\n      <\/div>\n\n            \n<style>\n#banner-148823556 {\n  padding-top: 100%;\n  background-color: rgb(255,255,255);\n}\n#banner-148823556 .bg.bg-loaded {\n  background-image: url(https:\/\/www.katkevich.lv\/wp-content\/uploads\/2020\/11\/WhatsApp-Image-2020-11-06-at-15.54.24-1-1024x682.jpeg);\n}\n#banner-148823556 .overlay {\n  background-color: rgba(0, 0, 0, 0.31);\n}\n#banner-148823556 .bg {\n  background-position: 68% 27%;\n}\n<\/style>\n  <\/div>\n\n\n\n     <\/div>\n\n     <div class=\"loading-spin dark large centered\"><\/div>\n\n     <\/div>\n\n\n\t<section class=\"section\" id=\"section_1509370392\">\n\t\t<div class=\"bg section-bg fill bg-fill  bg-loaded\" >\n\n\t\t\t\n\t\t\t\n\t\t\t\n\n\t\t<\/div>\n\n\t\t<div class=\"section-content relative\">\n\t\t\t\n\n\n  \n    <div id=\"gallery-1130284246\" class=\"row large-columns-3 medium-columns- small-columns-2 row-collapse row-full-width row-masonry\" data-packery-options='{\"itemSelector\": \".col\", \"gutter\": 0, \"presentageWidth\" : true}'>\n\n          <div class=\"gallery-col col\" data-animate=\"fadeInDown\">\n          <div class=\"col-inner\">\n                        <div class=\"box has-hover gallery-box box-none\">\n              <div class=\"box-image\" >\n                <img width=\"768\" height=\"1024\" src=\"https:\/\/www.katkevich.lv\/wp-content\/uploads\/2021\/04\/IMG_5976-1-768x1024.jpg\" class=\"attachment-large size-large\" alt=\"\" loading=\"lazy\" ids=\"1929,1924,1925,1927,1928,1932,1996,1931,1933\" style=\"none\" lightbox=\"false\" type=\"masonry\" \"full-width\"col_spacing =\"collapse\" columns=\"3\" animate=\"fadeInDown\" image_size=\"large\" srcset=\"https:\/\/www.katkevich.lv\/wp-content\/uploads\/2021\/04\/IMG_5976-1-768x1024.jpg 768w, https:\/\/www.katkevich.lv\/wp-content\/uploads\/2021\/04\/IMG_5976-1-225x300.jpg 225w, https:\/\/www.katkevich.lv\/wp-content\/uploads\/2021\/04\/IMG_5976-1-9x12.jpg 9w, https:\/\/www.katkevich.lv\/wp-content\/uploads\/2021\/04\/IMG_5976-1-900x1200.jpg 900w, https:\/\/www.katkevich.lv\/wp-content\/uploads\/2021\/04\/IMG_5976-1.jpg 1000w\" sizes=\"(max-width: 768px) 100vw, 768px\" \/>                                                              <\/div>\n              <div class=\"box-text text-left\" >\n                 <p><\/p>\n              <\/div>\n            <\/div>\n                      <\/div>\n         <\/div>\n                 <div class=\"gallery-col col\" data-animate=\"fadeInDown\">\n          <div class=\"col-inner\">\n                        <div class=\"box has-hover gallery-box box-none\">\n              <div class=\"box-image\" >\n                <img width=\"768\" height=\"1024\" src=\"https:\/\/www.katkevich.lv\/wp-content\/uploads\/2021\/04\/IMG_6298-1-768x1024.jpg\" class=\"attachment-large size-large\" alt=\"\" loading=\"lazy\" ids=\"1929,1924,1925,1927,1928,1932,1996,1931,1933\" style=\"none\" lightbox=\"false\" type=\"masonry\" \"full-width\"col_spacing =\"collapse\" columns=\"3\" animate=\"fadeInDown\" image_size=\"large\" srcset=\"https:\/\/www.katkevich.lv\/wp-content\/uploads\/2021\/04\/IMG_6298-1-768x1024.jpg 768w, https:\/\/www.katkevich.lv\/wp-content\/uploads\/2021\/04\/IMG_6298-1-225x300.jpg 225w, https:\/\/www.katkevich.lv\/wp-content\/uploads\/2021\/04\/IMG_6298-1-9x12.jpg 9w, https:\/\/www.katkevich.lv\/wp-content\/uploads\/2021\/04\/IMG_6298-1-900x1200.jpg 900w, https:\/\/www.katkevich.lv\/wp-content\/uploads\/2021\/04\/IMG_6298-1.jpg 1000w\" sizes=\"(max-width: 768px) 100vw, 768px\" \/>                                                              <\/div>\n              <div class=\"box-text text-left\" >\n                 <p><\/p>\n              <\/div>\n            <\/div>\n                      <\/div>\n         <\/div>\n                 <div class=\"gallery-col col\" data-animate=\"fadeInDown\">\n          <div class=\"col-inner\">\n                        <div class=\"box has-hover gallery-box box-none\">\n              <div class=\"box-image\" >\n                <img width=\"768\" height=\"1024\" src=\"https:\/\/www.katkevich.lv\/wp-content\/uploads\/2021\/04\/IMG_6374-1-768x1024.jpg\" class=\"attachment-large size-large\" alt=\"\" loading=\"lazy\" ids=\"1929,1924,1925,1927,1928,1932,1996,1931,1933\" style=\"none\" lightbox=\"false\" type=\"masonry\" \"full-width\"col_spacing =\"collapse\" columns=\"3\" animate=\"fadeInDown\" image_size=\"large\" srcset=\"https:\/\/www.katkevich.lv\/wp-content\/uploads\/2021\/04\/IMG_6374-1-768x1024.jpg 768w, https:\/\/www.katkevich.lv\/wp-content\/uploads\/2021\/04\/IMG_6374-1-225x300.jpg 225w, https:\/\/www.katkevich.lv\/wp-content\/uploads\/2021\/04\/IMG_6374-1-9x12.jpg 9w, https:\/\/www.katkevich.lv\/wp-content\/uploads\/2021\/04\/IMG_6374-1-900x1200.jpg 900w, https:\/\/www.katkevich.lv\/wp-content\/uploads\/2021\/04\/IMG_6374-1.jpg 1000w\" sizes=\"(max-width: 768px) 100vw, 768px\" \/>                                                              <\/div>\n              <div class=\"box-text text-left\" >\n                 <p><\/p>\n              <\/div>\n            <\/div>\n                      <\/div>\n         <\/div>\n                 <div class=\"gallery-col col\" data-animate=\"fadeInDown\">\n          <div class=\"col-inner\">\n                        <div class=\"box has-hover gallery-box box-none\">\n              <div class=\"box-image\" >\n                <img width=\"768\" height=\"1024\" src=\"https:\/\/www.katkevich.lv\/wp-content\/uploads\/2021\/04\/IMG_5533-1-768x1024.jpg\" class=\"attachment-large size-large\" alt=\"\" loading=\"lazy\" ids=\"1929,1924,1925,1927,1928,1932,1996,1931,1933\" style=\"none\" lightbox=\"false\" type=\"masonry\" \"full-width\"col_spacing =\"collapse\" columns=\"3\" animate=\"fadeInDown\" image_size=\"large\" srcset=\"https:\/\/www.katkevich.lv\/wp-content\/uploads\/2021\/04\/IMG_5533-1-768x1024.jpg 768w, https:\/\/www.katkevich.lv\/wp-content\/uploads\/2021\/04\/IMG_5533-1-225x300.jpg 225w, https:\/\/www.katkevich.lv\/wp-content\/uploads\/2021\/04\/IMG_5533-1-9x12.jpg 9w, https:\/\/www.katkevich.lv\/wp-content\/uploads\/2021\/04\/IMG_5533-1-900x1200.jpg 900w, https:\/\/www.katkevich.lv\/wp-content\/uploads\/2021\/04\/IMG_5533-1.jpg 1000w\" sizes=\"(max-width: 768px) 100vw, 768px\" \/>                                                              <\/div>\n              <div class=\"box-text text-left\" >\n                 <p><\/p>\n              <\/div>\n            <\/div>\n                      <\/div>\n         <\/div>\n                 <div class=\"gallery-col col\" data-animate=\"fadeInDown\">\n          <div class=\"col-inner\">\n                        <div class=\"box has-hover gallery-box box-none\">\n              <div class=\"box-image\" >\n                <img width=\"768\" height=\"1024\" src=\"https:\/\/www.katkevich.lv\/wp-content\/uploads\/2021\/04\/IMG_5784-1-768x1024.jpg\" class=\"attachment-large size-large\" alt=\"\" loading=\"lazy\" ids=\"1929,1924,1925,1927,1928,1932,1996,1931,1933\" style=\"none\" lightbox=\"false\" type=\"masonry\" \"full-width\"col_spacing =\"collapse\" columns=\"3\" animate=\"fadeInDown\" image_size=\"large\" srcset=\"https:\/\/www.katkevich.lv\/wp-content\/uploads\/2021\/04\/IMG_5784-1-768x1024.jpg 768w, https:\/\/www.katkevich.lv\/wp-content\/uploads\/2021\/04\/IMG_5784-1-225x300.jpg 225w, https:\/\/www.katkevich.lv\/wp-content\/uploads\/2021\/04\/IMG_5784-1-9x12.jpg 9w, https:\/\/www.katkevich.lv\/wp-content\/uploads\/2021\/04\/IMG_5784-1-900x1200.jpg 900w, https:\/\/www.katkevich.lv\/wp-content\/uploads\/2021\/04\/IMG_5784-1.jpg 1000w\" sizes=\"(max-width: 768px) 100vw, 768px\" \/>                                                              <\/div>\n              <div class=\"box-text text-left\" >\n                 <p><\/p>\n              <\/div>\n            <\/div>\n                      <\/div>\n         <\/div>\n                 <div class=\"gallery-col col\" data-animate=\"fadeInDown\">\n          <div class=\"col-inner\">\n                        <div class=\"box has-hover gallery-box box-none\">\n              <div class=\"box-image\" >\n                <img width=\"768\" height=\"1024\" src=\"https:\/\/www.katkevich.lv\/wp-content\/uploads\/2021\/04\/IMG_6146-1-768x1024.jpg\" class=\"attachment-large size-large\" alt=\"\" loading=\"lazy\" ids=\"1929,1924,1925,1927,1928,1932,1996,1931,1933\" style=\"none\" lightbox=\"false\" type=\"masonry\" \"full-width\"col_spacing =\"collapse\" columns=\"3\" animate=\"fadeInDown\" image_size=\"large\" srcset=\"https:\/\/www.katkevich.lv\/wp-content\/uploads\/2021\/04\/IMG_6146-1-768x1024.jpg 768w, https:\/\/www.katkevich.lv\/wp-content\/uploads\/2021\/04\/IMG_6146-1-225x300.jpg 225w, https:\/\/www.katkevich.lv\/wp-content\/uploads\/2021\/04\/IMG_6146-1-9x12.jpg 9w, https:\/\/www.katkevich.lv\/wp-content\/uploads\/2021\/04\/IMG_6146-1-900x1200.jpg 900w, https:\/\/www.katkevich.lv\/wp-content\/uploads\/2021\/04\/IMG_6146-1.jpg 1000w\" sizes=\"(max-width: 768px) 100vw, 768px\" \/>                                                              <\/div>\n              <div class=\"box-text text-left\" >\n                 <p><\/p>\n              <\/div>\n            <\/div>\n                      <\/div>\n         <\/div>\n                 <div class=\"gallery-col col\" data-animate=\"fadeInDown\">\n          <div class=\"col-inner\">\n                        <div class=\"box has-hover gallery-box box-none\">\n              <div class=\"box-image\" >\n                <img width=\"768\" height=\"1024\" src=\"https:\/\/www.katkevich.lv\/wp-content\/uploads\/2021\/04\/IMG_6013-2-768x1024.jpg\" class=\"attachment-large size-large\" alt=\"\" loading=\"lazy\" ids=\"1929,1924,1925,1927,1928,1932,1996,1931,1933\" style=\"none\" lightbox=\"false\" type=\"masonry\" \"full-width\"col_spacing =\"collapse\" columns=\"3\" animate=\"fadeInDown\" image_size=\"large\" srcset=\"https:\/\/www.katkevich.lv\/wp-content\/uploads\/2021\/04\/IMG_6013-2-768x1024.jpg 768w, https:\/\/www.katkevich.lv\/wp-content\/uploads\/2021\/04\/IMG_6013-2-225x300.jpg 225w, https:\/\/www.katkevich.lv\/wp-content\/uploads\/2021\/04\/IMG_6013-2-9x12.jpg 9w, https:\/\/www.katkevich.lv\/wp-content\/uploads\/2021\/04\/IMG_6013-2-900x1200.jpg 900w, https:\/\/www.katkevich.lv\/wp-content\/uploads\/2021\/04\/IMG_6013-2.jpg 1000w\" sizes=\"(max-width: 768px) 100vw, 768px\" \/>                                                              <\/div>\n              <div class=\"box-text text-left\" >\n                 <p><\/p>\n              <\/div>\n            <\/div>\n                      <\/div>\n         <\/div>\n                 <div class=\"gallery-col col\" data-animate=\"fadeInDown\">\n          <div class=\"col-inner\">\n                        <div class=\"box has-hover gallery-box box-none\">\n              <div class=\"box-image\" >\n                <img width=\"768\" height=\"1024\" src=\"https:\/\/www.katkevich.lv\/wp-content\/uploads\/2021\/04\/IMG_5415-1-768x1024.jpg\" class=\"attachment-large size-large\" alt=\"\" loading=\"lazy\" ids=\"1929,1924,1925,1927,1928,1932,1996,1931,1933\" style=\"none\" lightbox=\"false\" type=\"masonry\" \"full-width\"col_spacing =\"collapse\" columns=\"3\" animate=\"fadeInDown\" image_size=\"large\" srcset=\"https:\/\/www.katkevich.lv\/wp-content\/uploads\/2021\/04\/IMG_5415-1-768x1024.jpg 768w, https:\/\/www.katkevich.lv\/wp-content\/uploads\/2021\/04\/IMG_5415-1-225x300.jpg 225w, https:\/\/www.katkevich.lv\/wp-content\/uploads\/2021\/04\/IMG_5415-1-9x12.jpg 9w, https:\/\/www.katkevich.lv\/wp-content\/uploads\/2021\/04\/IMG_5415-1-900x1200.jpg 900w, https:\/\/www.katkevich.lv\/wp-content\/uploads\/2021\/04\/IMG_5415-1.jpg 1000w\" sizes=\"(max-width: 768px) 100vw, 768px\" \/>                                                              <\/div>\n              <div class=\"box-text text-left\" >\n                 <p><\/p>\n              <\/div>\n            <\/div>\n                      <\/div>\n         <\/div>\n                 <div class=\"gallery-col col\" data-animate=\"fadeInDown\">\n          <div class=\"col-inner\">\n                        <div class=\"box has-hover gallery-box box-none\">\n              <div class=\"box-image\" >\n                <img width=\"768\" height=\"1024\" src=\"https:\/\/www.katkevich.lv\/wp-content\/uploads\/2021\/04\/IMG_6064-1-768x1024.jpg\" class=\"attachment-large size-large\" alt=\"\" loading=\"lazy\" ids=\"1929,1924,1925,1927,1928,1932,1996,1931,1933\" style=\"none\" lightbox=\"false\" type=\"masonry\" \"full-width\"col_spacing =\"collapse\" columns=\"3\" animate=\"fadeInDown\" image_size=\"large\" srcset=\"https:\/\/www.katkevich.lv\/wp-content\/uploads\/2021\/04\/IMG_6064-1-768x1024.jpg 768w, https:\/\/www.katkevich.lv\/wp-content\/uploads\/2021\/04\/IMG_6064-1-225x300.jpg 225w, https:\/\/www.katkevich.lv\/wp-content\/uploads\/2021\/04\/IMG_6064-1-9x12.jpg 9w, https:\/\/www.katkevich.lv\/wp-content\/uploads\/2021\/04\/IMG_6064-1-900x1200.jpg 900w, https:\/\/www.katkevich.lv\/wp-content\/uploads\/2021\/04\/IMG_6064-1.jpg 1000w\" sizes=\"(max-width: 768px) 100vw, 768px\" \/>                                                              <\/div>\n              <div class=\"box-text text-left\" >\n                 <p><\/p>\n              <\/div>\n            <\/div>\n                      <\/div>\n         <\/div>\n         <\/div>\n\n\n\t\t<\/div>\n\n\t\t\n<style>\n#section_1509370392 {\n  padding-top: 0px;\n  padding-bottom: 0px;\n  background-color: rgb(255, 253, 239);\n}\n<\/style>\n\t<\/section>","protected":false},"excerpt":{"rendered":"","protected":false},"author":1,"featured_media":0,"parent":0,"menu_order":0,"comment_status":"closed","ping_status":"closed","template":"page-transparent-header-light.php","meta":[],"_links":{"self":[{"href":"https:\/\/www.katkevich.lv\/en\/wp-json\/wp\/v2\/pages\/163"}],"collection":[{"href":"https:\/\/www.katkevich.lv\/en\/wp-json\/wp\/v2\/pages"}],"about":[{"href":"https:\/\/www.katkevich.lv\/en\/wp-json\/wp\/v2\/types\/page"}],"author":[{"embeddable":true,"href":"https:\/\/www.katkevich.lv\/en\/wp-json\/wp\/v2\/users\/1"}],"replies":[{"embeddable":true,"href":"https:\/\/www.katkevich.lv\/en\/wp-json\/wp\/v2\/comments?post=163"}],"version-history":[{"count":61,"href":"https:\/\/www.katkevich.lv\/en\/wp-json\/wp\/v2\/pages\/163\/revisions"}],"predecessor-version":[{"id":2989,"href":"https:\/\/www.katkevich.lv\/en\/wp-json\/wp\/v2\/pages\/163\/revisions\/2989"}],"wp:attachment":[{"href":"https:\/\/www.katkevich.lv\/en\/wp-json\/wp\/v2\/media?parent=163"}],"curies":[{"name":"wp","href":"https:\/\/api.w.org\/{rel}","templated":true}]}}